{"id":11766,"date":"2025-03-19T10:57:52","date_gmt":"2025-03-19T13:57:52","guid":{"rendered":"https:\/\/kronor.com.br\/?page_id=11766"},"modified":"2025-03-19T11:38:25","modified_gmt":"2025-03-19T14:38:25","slug":"politica-de-privacidade","status":"publish","type":"page","link":"https:\/\/kronor.com.br\/index.php\/politica-de-privacidade\/","title":{"rendered":"POL\u00cdTICA DE PRIVACIDADE"},"content":{"rendered":"\t\t<div data-elementor-type=\"wp-page\" data-elementor-id=\"11766\" class=\"elementor elementor-11766\" data-elementor-post-type=\"page\">\n\t\t\t\t\t\t<section class=\"elementor-section elementor-top-section elementor-element elementor-element-68e79427 elementor-section-content-middle elementor-section-boxed elementor-section-height-default elementor-section-height-default\" data-id=\"68e79427\" data-element_type=\"section\" data-e-type=\"section\">\n\t\t\t\t\t\t<div class=\"elementor-container elementor-column-gap-no\">\n\t\t\t\t\t<div class=\"elementor-column elementor-col-100 elementor-top-column elementor-element elementor-element-419c5506\" data-id=\"419c5506\" data-element_type=\"column\" data-e-type=\"column\">\n\t\t\t<div class=\"elementor-widget-wrap elementor-element-populated\">\n\t\t\t\t\t\t<div class=\"elementor-element elementor-element-176b0ab elementor-widget elementor-widget-heading\" data-id=\"176b0ab\" data-element_type=\"widget\" data-e-type=\"widget\" data-widget_type=\"heading.default\">\n\t\t\t\t<div class=\"elementor-widget-container\">\n\t\t\t\t\t<h4 class=\"elementor-heading-title elementor-size-default\">Pol\u00edtica de Privacidade <\/h4>\t\t\t\t<\/div>\n\t\t\t\t<\/div>\n\t\t\t\t<div class=\"elementor-element elementor-element-45976a2b elementor-widget elementor-widget-heading\" data-id=\"45976a2b\" data-element_type=\"widget\" data-e-type=\"widget\" data-widget_type=\"heading.default\">\n\t\t\t\t<div class=\"elementor-widget-container\">\n\t\t\t\t\t<h5 class=\"elementor-heading-title elementor-size-default\">A Kronor tem o compromisso com a transpar\u00eancia, seguran\u00e7a e privacidade dos dados dos seus clientes e visitantes. Esta Pol\u00edtica de Privacidade estabelece como coletamos, usamos, armazenamos e protegemos suas informa\u00e7\u00f5es, em conformidade com a Lei Geral de Prote\u00e7\u00e3o de Dados (LGPD).<\/h5>\t\t\t\t<\/div>\n\t\t\t\t<\/div>\n\t\t\t\t<section class=\"elementor-section elementor-inner-section elementor-element elementor-element-2ff2f1aa elementor-section-content-top elementor-section-boxed elementor-section-height-default elementor-section-height-default\" data-id=\"2ff2f1aa\" data-element_type=\"section\" data-e-type=\"section\">\n\t\t\t\t\t\t<div class=\"elementor-container elementor-column-gap-no\">\n\t\t\t\t\t<div class=\"elementor-column elementor-col-100 elementor-inner-column elementor-element elementor-element-7604d2f9\" data-id=\"7604d2f9\" data-element_type=\"column\" data-e-type=\"column\">\n\t\t\t<div class=\"elementor-widget-wrap elementor-element-populated\">\n\t\t\t\t\t\t<div class=\"elementor-element elementor-element-2fbb5f81 elementor-widget elementor-widget-heading\" data-id=\"2fbb5f81\" data-element_type=\"widget\" data-e-type=\"widget\" data-widget_type=\"heading.default\">\n\t\t\t\t<div class=\"elementor-widget-container\">\n\t\t\t\t\t<h4 class=\"elementor-heading-title elementor-size-default\">1. COLETA DE DADOS E FINALIDADES<\/h4>\t\t\t\t<\/div>\n\t\t\t\t<\/div>\n\t\t\t\t<div class=\"elementor-element elementor-element-3c09c8a1 elementor-widget elementor-widget-text-editor\" data-id=\"3c09c8a1\" data-element_type=\"widget\" data-e-type=\"widget\" data-widget_type=\"text-editor.default\">\n\t\t\t\t<div class=\"elementor-widget-container\">\n\t\t\t\t\t\t\t\t\t<p data-pm-slice=\"1 3 []\">Coletamos informa\u00e7\u00f5es pessoais atrav\u00e9s de formul\u00e1rios, e-mails, chamadas telef\u00f4nicas, contratos e intera\u00e7\u00f5es no nosso site para:<\/p><ul data-spread=\"false\"><li><p><strong>Cadastro e Identifica\u00e7\u00e3o:<\/strong> Nome, telefone, e-mail e informa\u00e7\u00f5es financeiras para registro e contato.<\/p><\/li><li><p><strong>Execu\u00e7\u00e3o de Contratos:<\/strong> Para viabilizar a presta\u00e7\u00e3o de servi\u00e7os e faturamento.<\/p><\/li><li><p><strong>Atendimento ao Cliente:<\/strong> Para responder a solicita\u00e7\u00f5es e melhorar sua experi\u00eancia.<\/p><\/li><li><p><strong>Personaliza\u00e7\u00e3o e Melhorias:<\/strong> Para an\u00e1lises e aprimoramento dos nossos servi\u00e7os.<\/p><\/li><li><p><strong>Marketing e Comunica\u00e7\u00e3o:<\/strong> Para envio de informa\u00e7\u00f5es, ofertas e novidades relacionadas aos nossos servi\u00e7os.<\/p><\/li><\/ul>\t\t\t\t\t\t\t\t<\/div>\n\t\t\t\t<\/div>\n\t\t\t\t\t<\/div>\n\t\t<\/div>\n\t\t\t\t\t<\/div>\n\t\t<\/section>\n\t\t\t\t<section class=\"elementor-section elementor-inner-section elementor-element elementor-element-10fcef2 elementor-section-content-top elementor-section-boxed elementor-section-height-default elementor-section-height-default\" data-id=\"10fcef2\" data-element_type=\"section\" data-e-type=\"section\">\n\t\t\t\t\t\t<div class=\"elementor-container elementor-column-gap-no\">\n\t\t\t\t\t<div class=\"elementor-column elementor-col-100 elementor-inner-column elementor-element elementor-element-030bb07\" data-id=\"030bb07\" data-element_type=\"column\" data-e-type=\"column\">\n\t\t\t<div class=\"elementor-widget-wrap elementor-element-populated\">\n\t\t\t\t\t\t<div class=\"elementor-element elementor-element-795978d elementor-widget elementor-widget-heading\" data-id=\"795978d\" data-element_type=\"widget\" data-e-type=\"widget\" data-widget_type=\"heading.default\">\n\t\t\t\t<div class=\"elementor-widget-container\">\n\t\t\t\t\t<h4 class=\"elementor-heading-title elementor-size-default\">2. COOKIES E TECNOLOGIAS SEMELHANTES<\/h4>\t\t\t\t<\/div>\n\t\t\t\t<\/div>\n\t\t\t\t<div class=\"elementor-element elementor-element-9260a5d elementor-widget__width-initial elementor-widget elementor-widget-text-editor\" data-id=\"9260a5d\" data-element_type=\"widget\" data-e-type=\"widget\" data-widget_type=\"text-editor.default\">\n\t\t\t\t<div class=\"elementor-widget-container\">\n\t\t\t\t\t\t\t\t\t<p data-pm-slice=\"1 1 []\">Nosso site utiliza cookies para oferecer uma experi\u00eancia personalizada, melhorando o conte\u00fado e analisando o tr\u00e1fego. Os usu\u00e1rios podem gerenciar a coleta de cookies por meio das configura\u00e7\u00f5es do navegador.<\/p>\t\t\t\t\t\t\t\t<\/div>\n\t\t\t\t<\/div>\n\t\t\t\t\t<\/div>\n\t\t<\/div>\n\t\t\t\t\t<\/div>\n\t\t<\/section>\n\t\t\t\t<section class=\"elementor-section elementor-inner-section elementor-element elementor-element-c893d80 elementor-section-content-top elementor-section-boxed elementor-section-height-default elementor-section-height-default\" data-id=\"c893d80\" data-element_type=\"section\" data-e-type=\"section\">\n\t\t\t\t\t\t<div class=\"elementor-container elementor-column-gap-no\">\n\t\t\t\t\t<div class=\"elementor-column elementor-col-100 elementor-inner-column elementor-element elementor-element-467191a\" data-id=\"467191a\" data-element_type=\"column\" data-e-type=\"column\">\n\t\t\t<div class=\"elementor-widget-wrap elementor-element-populated\">\n\t\t\t\t\t\t<div class=\"elementor-element elementor-element-725d97f elementor-widget elementor-widget-heading\" data-id=\"725d97f\" data-element_type=\"widget\" data-e-type=\"widget\" data-widget_type=\"heading.default\">\n\t\t\t\t<div class=\"elementor-widget-container\">\n\t\t\t\t\t<h4 class=\"elementor-heading-title elementor-size-default\">3. SEGURAN\u00c7A DOS DADOS<\/h4>\t\t\t\t<\/div>\n\t\t\t\t<\/div>\n\t\t\t\t<div class=\"elementor-element elementor-element-62d8cca elementor-widget__width-initial elementor-widget elementor-widget-text-editor\" data-id=\"62d8cca\" data-element_type=\"widget\" data-e-type=\"widget\" data-widget_type=\"text-editor.default\">\n\t\t\t\t<div class=\"elementor-widget-container\">\n\t\t\t\t\t\t\t\t\t<p data-pm-slice=\"1 1 []\">Adotamos medidas t\u00e9cnicas e administrativas para proteger seus dados contra acessos n\u00e3o autorizados, perdas e altera\u00e7\u00f5es indevidas. Isso inclui criptografia, controle de acessos e protocolos de seguran\u00e7a para garantir a prote\u00e7\u00e3o das informa\u00e7\u00f5es.<\/p>\t\t\t\t\t\t\t\t<\/div>\n\t\t\t\t<\/div>\n\t\t\t\t\t<\/div>\n\t\t<\/div>\n\t\t\t\t\t<\/div>\n\t\t<\/section>\n\t\t\t\t<section class=\"elementor-section elementor-inner-section elementor-element elementor-element-66f30ed elementor-section-content-top elementor-section-boxed elementor-section-height-default elementor-section-height-default\" data-id=\"66f30ed\" data-element_type=\"section\" data-e-type=\"section\">\n\t\t\t\t\t\t<div class=\"elementor-container elementor-column-gap-no\">\n\t\t\t\t\t<div class=\"elementor-column elementor-col-100 elementor-inner-column elementor-element elementor-element-49c5688\" data-id=\"49c5688\" data-element_type=\"column\" data-e-type=\"column\">\n\t\t\t<div class=\"elementor-widget-wrap elementor-element-populated\">\n\t\t\t\t\t\t<div class=\"elementor-element elementor-element-bce84d2 elementor-widget elementor-widget-heading\" data-id=\"bce84d2\" data-element_type=\"widget\" data-e-type=\"widget\" data-widget_type=\"heading.default\">\n\t\t\t\t<div class=\"elementor-widget-container\">\n\t\t\t\t\t<h4 class=\"elementor-heading-title elementor-size-default\">4. DIREITOS DOS TITULARES DE DADOS<\/h4>\t\t\t\t<\/div>\n\t\t\t\t<\/div>\n\t\t\t\t<div class=\"elementor-element elementor-element-38338f9 elementor-widget elementor-widget-text-editor\" data-id=\"38338f9\" data-element_type=\"widget\" data-e-type=\"widget\" data-widget_type=\"text-editor.default\">\n\t\t\t\t<div class=\"elementor-widget-container\">\n\t\t\t\t\t\t\t\t\t<p data-pm-slice=\"1 1 []\">De acordo com a LGPD, voc\u00ea tem o direito de:<\/p><ul data-spread=\"false\"><li><p><strong>Acessar e Confirmar<\/strong> se tratamos seus dados pessoais;<\/p><\/li><li><p><strong>Corrigir<\/strong> informa\u00e7\u00f5es incorretas ou desatualizadas;<\/p><\/li><li><p><strong>Excluir<\/strong> dados desnecess\u00e1rios ou tratados em desconformidade com a lei;<\/p><\/li><li><p><strong>Solicitar Portabilidade<\/strong> dos dados para outro fornecedor de servi\u00e7os;<\/p><\/li><li><p><strong>Obter Informa\u00e7\u00f5es<\/strong> sobre com quem compartilhamos seus dados;<\/p><\/li><li><p><strong>Revogar o Consentimento<\/strong> para o uso dos dados.<\/p><\/li><\/ul><p>Para exercer esses direitos, entre em contato pelo e-mail: <strong><a href=\"mailto:contato@kronor.com.br\">contato@kronor.com.br<\/a><\/strong><\/p>\t\t\t\t\t\t\t\t<\/div>\n\t\t\t\t<\/div>\n\t\t\t\t\t<\/div>\n\t\t<\/div>\n\t\t\t\t\t<\/div>\n\t\t<\/section>\n\t\t\t\t<section class=\"elementor-section elementor-inner-section elementor-element elementor-element-08c599a elementor-section-content-top elementor-section-boxed elementor-section-height-default elementor-section-height-default\" data-id=\"08c599a\" data-element_type=\"section\" data-e-type=\"section\">\n\t\t\t\t\t\t<div class=\"elementor-container elementor-column-gap-no\">\n\t\t\t\t\t<div class=\"elementor-column elementor-col-100 elementor-inner-column elementor-element elementor-element-55959f7\" data-id=\"55959f7\" data-element_type=\"column\" data-e-type=\"column\">\n\t\t\t<div class=\"elementor-widget-wrap elementor-element-populated\">\n\t\t\t\t\t\t<div class=\"elementor-element elementor-element-0c048aa elementor-widget elementor-widget-heading\" data-id=\"0c048aa\" data-element_type=\"widget\" data-e-type=\"widget\" data-widget_type=\"heading.default\">\n\t\t\t\t<div class=\"elementor-widget-container\">\n\t\t\t\t\t<h4 class=\"elementor-heading-title elementor-size-default\">5. COMPARTILHAMENTO DE DADOS<\/h4>\t\t\t\t<\/div>\n\t\t\t\t<\/div>\n\t\t\t\t<div class=\"elementor-element elementor-element-53a4d61 elementor-widget__width-initial elementor-widget elementor-widget-text-editor\" data-id=\"53a4d61\" data-element_type=\"widget\" data-e-type=\"widget\" data-widget_type=\"text-editor.default\">\n\t\t\t\t<div class=\"elementor-widget-container\">\n\t\t\t\t\t\t\t\t\t<p data-pm-slice=\"1 1 []\">Compartilhamos seus dados apenas quando necess\u00e1rio para a presta\u00e7\u00e3o de servi\u00e7os, com fornecedores e parceiros que seguem normas de seguran\u00e7a e privacidade compat\u00edveis com a nossa pol\u00edtica.<\/p>\t\t\t\t\t\t\t\t<\/div>\n\t\t\t\t<\/div>\n\t\t\t\t\t<\/div>\n\t\t<\/div>\n\t\t\t\t\t<\/div>\n\t\t<\/section>\n\t\t\t\t<section class=\"elementor-section elementor-inner-section elementor-element elementor-element-65bf102 elementor-section-content-top elementor-section-boxed elementor-section-height-default elementor-section-height-default\" data-id=\"65bf102\" data-element_type=\"section\" data-e-type=\"section\">\n\t\t\t\t\t\t<div class=\"elementor-container elementor-column-gap-no\">\n\t\t\t\t\t<div class=\"elementor-column elementor-col-100 elementor-inner-column elementor-element elementor-element-ea2e715\" data-id=\"ea2e715\" data-element_type=\"column\" data-e-type=\"column\">\n\t\t\t<div class=\"elementor-widget-wrap elementor-element-populated\">\n\t\t\t\t\t\t<div class=\"elementor-element elementor-element-d630b4b elementor-widget elementor-widget-heading\" data-id=\"d630b4b\" data-element_type=\"widget\" data-e-type=\"widget\" data-widget_type=\"heading.default\">\n\t\t\t\t<div class=\"elementor-widget-container\">\n\t\t\t\t\t<h4 class=\"elementor-heading-title elementor-size-default\">6. PER\u00cdODO DE RETEN\u00c7\u00c3O DOS DADOS<\/h4>\t\t\t\t<\/div>\n\t\t\t\t<\/div>\n\t\t\t\t<div class=\"elementor-element elementor-element-f010519 elementor-widget__width-initial elementor-widget elementor-widget-text-editor\" data-id=\"f010519\" data-element_type=\"widget\" data-e-type=\"widget\" data-widget_type=\"text-editor.default\">\n\t\t\t\t<div class=\"elementor-widget-container\">\n\t\t\t\t\t\t\t\t\t<p data-pm-slice=\"1 1 []\">Manteremos seus dados apenas pelo tempo necess\u00e1rio para cumprir as finalidades para as quais foram coletados, respeitando obriga\u00e7\u00f5es legais e regulat\u00f3rias.<\/p>\t\t\t\t\t\t\t\t<\/div>\n\t\t\t\t<\/div>\n\t\t\t\t\t<\/div>\n\t\t<\/div>\n\t\t\t\t\t<\/div>\n\t\t<\/section>\n\t\t\t\t<section class=\"elementor-section elementor-inner-section elementor-element elementor-element-a1ff9f6 elementor-section-content-top elementor-section-boxed elementor-section-height-default elementor-section-height-default\" data-id=\"a1ff9f6\" data-element_type=\"section\" data-e-type=\"section\">\n\t\t\t\t\t\t<div class=\"elementor-container elementor-column-gap-no\">\n\t\t\t\t\t<div class=\"elementor-column elementor-col-100 elementor-inner-column elementor-element elementor-element-5c2e483\" data-id=\"5c2e483\" data-element_type=\"column\" data-e-type=\"column\">\n\t\t\t<div class=\"elementor-widget-wrap elementor-element-populated\">\n\t\t\t\t\t\t<div class=\"elementor-element elementor-element-fb3e380 elementor-widget elementor-widget-heading\" data-id=\"fb3e380\" data-element_type=\"widget\" data-e-type=\"widget\" data-widget_type=\"heading.default\">\n\t\t\t\t<div class=\"elementor-widget-container\">\n\t\t\t\t\t<h4 class=\"elementor-heading-title elementor-size-default\">7. ALTERA\u00c7\u00d5ES NA POL\u00cdTICA DE PRIVACIDADE<\/h4>\t\t\t\t<\/div>\n\t\t\t\t<\/div>\n\t\t\t\t<div class=\"elementor-element elementor-element-273c070 elementor-widget elementor-widget-text-editor\" data-id=\"273c070\" data-element_type=\"widget\" data-e-type=\"widget\" data-widget_type=\"text-editor.default\">\n\t\t\t\t<div class=\"elementor-widget-container\">\n\t\t\t\t\t\t\t\t\t<p data-pm-slice=\"1 1 []\">A Kronor se reserva o direito de alterar esta Pol\u00edtica de Privacidade a qualquer momento. Qualquer modifica\u00e7\u00e3o ser\u00e1 publicada em nosso site.<\/p>\t\t\t\t\t\t\t\t<\/div>\n\t\t\t\t<\/div>\n\t\t\t\t\t<\/div>\n\t\t<\/div>\n\t\t\t\t\t<\/div>\n\t\t<\/section>\n\t\t\t\t<section class=\"elementor-section elementor-inner-section elementor-element elementor-element-9e035f5 elementor-section-content-top elementor-section-boxed elementor-section-height-default elementor-section-height-default\" data-id=\"9e035f5\" data-element_type=\"section\" data-e-type=\"section\">\n\t\t\t\t\t\t<div class=\"elementor-container elementor-column-gap-no\">\n\t\t\t\t\t<div class=\"elementor-column elementor-col-100 elementor-inner-column elementor-element elementor-element-6f035dc\" data-id=\"6f035dc\" data-element_type=\"column\" data-e-type=\"column\">\n\t\t\t<div class=\"elementor-widget-wrap elementor-element-populated\">\n\t\t\t\t\t\t<div class=\"elementor-element elementor-element-60a7d52 elementor-widget elementor-widget-heading\" data-id=\"60a7d52\" data-element_type=\"widget\" data-e-type=\"widget\" data-widget_type=\"heading.default\">\n\t\t\t\t<div class=\"elementor-widget-container\">\n\t\t\t\t\t<h4 class=\"elementor-heading-title elementor-size-default\">8. CONTATO<\/h4>\t\t\t\t<\/div>\n\t\t\t\t<\/div>\n\t\t\t\t<div class=\"elementor-element elementor-element-2f6bb04 elementor-widget elementor-widget-text-editor\" data-id=\"2f6bb04\" data-element_type=\"widget\" data-e-type=\"widget\" data-widget_type=\"text-editor.default\">\n\t\t\t\t<div class=\"elementor-widget-container\">\n\t\t\t\t\t\t\t\t\t<p data-pm-slice=\"1 1 []\">Para d\u00favidas, solicita\u00e7\u00f5es ou esclarecimentos sobre esta pol\u00edtica, entre em contato com nosso Encarregado de Prote\u00e7\u00e3o de Dados pelo&nbsp;<\/p><p data-pm-slice=\"1 1 []\">e-mail <a href=\"mailto:contato@kronor.com.br\"><strong>contato@kronor.com.br<\/strong><\/a><\/p>\t\t\t\t\t\t\t\t<\/div>\n\t\t\t\t<\/div>\n\t\t\t\t\t<\/div>\n\t\t<\/div>\n\t\t\t\t\t<\/div>\n\t\t<\/section>\n\t\t\t\t<section class=\"elementor-section elementor-inner-section elementor-element elementor-element-0b213bd elementor-section-content-top elementor-section-boxed elementor-section-height-default elementor-section-height-default\" data-id=\"0b213bd\" data-element_type=\"section\" data-e-type=\"section\">\n\t\t\t\t\t\t<div class=\"elementor-container elementor-column-gap-no\">\n\t\t\t\t\t<div class=\"elementor-column elementor-col-100 elementor-inner-column elementor-element elementor-element-b1b676e\" data-id=\"b1b676e\" data-element_type=\"column\" data-e-type=\"column\">\n\t\t\t<div class=\"elementor-widget-wrap elementor-element-populated\">\n\t\t\t\t\t\t<div class=\"elementor-element elementor-element-ed8b1ca elementor-widget elementor-widget-heading\" data-id=\"ed8b1ca\" data-element_type=\"widget\" data-e-type=\"widget\" data-widget_type=\"heading.default\">\n\t\t\t\t<div class=\"elementor-widget-container\">\n\t\t\t\t\t<h4 class=\"elementor-heading-title elementor-size-default\">9. LEGISLA\u00c7\u00c3O APLIC\u00c1VEL E FORO<\/h4>\t\t\t\t<\/div>\n\t\t\t\t<\/div>\n\t\t\t\t<div class=\"elementor-element elementor-element-d1735b1 elementor-widget elementor-widget-text-editor\" data-id=\"d1735b1\" data-element_type=\"widget\" data-e-type=\"widget\" data-widget_type=\"text-editor.default\">\n\t\t\t\t<div class=\"elementor-widget-container\">\n\t\t\t\t\t\t\t\t\t<p data-pm-slice=\"1 1 []\">Esta Pol\u00edtica de Privacidade \u00e9 regida pela legisla\u00e7\u00e3o brasileira. Em caso de disputas, fica eleito o foro da Comarca de S\u00e3o Paulo, SP, para resolver quaisquer quest\u00f5es relativas a este documento.<\/p>\t\t\t\t\t\t\t\t<\/div>\n\t\t\t\t<\/div>\n\t\t\t\t\t<\/div>\n\t\t<\/div>\n\t\t\t\t\t<\/div>\n\t\t<\/section>\n\t\t\t\t<section class=\"elementor-section elementor-inner-section elementor-element elementor-element-e811402 elementor-section-content-top elementor-section-boxed elementor-section-height-default elementor-section-height-default\" data-id=\"e811402\" data-element_type=\"section\" data-e-type=\"section\">\n\t\t\t\t\t\t<div class=\"elementor-container elementor-column-gap-no\">\n\t\t\t\t\t<div class=\"elementor-column elementor-col-100 elementor-inner-column elementor-element elementor-element-98b0b4b\" data-id=\"98b0b4b\" data-element_type=\"column\" data-e-type=\"column\">\n\t\t\t<div class=\"elementor-widget-wrap elementor-element-populated\">\n\t\t\t\t\t\t<div class=\"elementor-element elementor-element-fc5b0a2 elementor-widget elementor-widget-text-editor\" data-id=\"fc5b0a2\" data-element_type=\"widget\" data-e-type=\"widget\" data-widget_type=\"text-editor.default\">\n\t\t\t\t<div class=\"elementor-widget-container\">\n\t\t\t\t\t\t\t\t\t<p data-pm-slice=\"1 1 []\"><em><strong>Atualiza\u00e7\u00e3o: Mar\u00e7o de 2025<\/strong><\/em><\/p>\t\t\t\t\t\t\t\t<\/div>\n\t\t\t\t<\/div>\n\t\t\t\t\t<\/div>\n\t\t<\/div>\n\t\t\t\t\t<\/div>\n\t\t<\/section>\n\t\t\t\t\t<\/div>\n\t\t<\/div>\n\t\t\t\t\t<\/div>\n\t\t<\/section>\n\t\t\t\t<\/div>\n\t\t","protected":false},"excerpt":{"rendered":"<p>Pol\u00edtica de Privacidade A Kronor tem o compromisso com a transpar\u00eancia, seguran\u00e7a e privacidade dos dados dos seus clientes e visitantes. Esta Pol\u00edtica de Privacidade estabelece como coletamos, usamos, armazenamos e protegemos suas informa\u00e7\u00f5es, em conformidade com a Lei Geral de Prote\u00e7\u00e3o de Dados (LGPD). 1. COLETA DE DADOS E FINALIDADES Coletamos informa\u00e7\u00f5es pessoais atrav\u00e9s [&hellip;]<\/p>\n","protected":false},"author":1,"featured_media":0,"parent":0,"menu_order":0,"comment_status":"closed","ping_status":"closed","template":"elementor_header_footer","meta":{"_monsterinsights_skip_tracking":false,"_monsterinsights_sitenote_active":false,"_monsterinsights_sitenote_note":"","_monsterinsights_sitenote_category":0,"footnotes":""},"class_list":["post-11766","page","type-page","status-publish","hentry"],"_links":{"self":[{"href":"https:\/\/kronor.com.br\/index.php\/wp-json\/wp\/v2\/pages\/11766","targetHints":{"allow":["GET"]}}],"collection":[{"href":"https:\/\/kronor.com.br\/index.php\/wp-json\/wp\/v2\/pages"}],"about":[{"href":"https:\/\/kronor.com.br\/index.php\/wp-json\/wp\/v2\/types\/page"}],"author":[{"embeddable":true,"href":"https:\/\/kronor.com.br\/index.php\/wp-json\/wp\/v2\/users\/1"}],"replies":[{"embeddable":true,"href":"https:\/\/kronor.com.br\/index.php\/wp-json\/wp\/v2\/comments?post=11766"}],"version-history":[{"count":13,"href":"https:\/\/kronor.com.br\/index.php\/wp-json\/wp\/v2\/pages\/11766\/revisions"}],"predecessor-version":[{"id":11785,"href":"https:\/\/kronor.com.br\/index.php\/wp-json\/wp\/v2\/pages\/11766\/revisions\/11785"}],"wp:attachment":[{"href":"https:\/\/kronor.com.br\/index.php\/wp-json\/wp\/v2\/media?parent=11766"}],"curies":[{"name":"wp","href":"https:\/\/api.w.org\/{rel}","templated":true}]}}